{"id":4399,"date":"2019-03-18T21:48:28","date_gmt":"2019-03-18T21:48:28","guid":{"rendered":"https:\/\/mydimora.it\/servizi-extra\/"},"modified":"2024-01-16T16:54:12","modified_gmt":"2024-01-16T15:54:12","slug":"zusaetzliche-dienstleistungen","status":"publish","type":"page","link":"https:\/\/mydimora.it\/de\/zusaetzliche-dienstleistungen\/","title":{"rendered":"Zus\u00e4tzliche Dienstleistungen"},"content":{"rendered":"<p>[vc_row][vc_column offset=&#8220;vc_col-lg-1\/5 vc_col-md-1\/5 vc_col-xs-12&#8243;][\/vc_column][vc_column offset=&#8220;vc_col-lg-3\/5 vc_col-md-3\/5 vc_col-xs-12&#8243;]<div class=\"gt-page-title gt-dark gt-center\"><h1>Passen Sie den Urlaub an Ihre Bed\u00fcrfnisse an<\/h1><\/div>[vc_empty_space height=&#8220;90px&#8220;][\/vc_column][vc_column offset=&#8220;vc_col-lg-1\/5 vc_col-md-1\/5 vc_col-xs-12&#8243;][\/vc_column][\/vc_row][vc_row gap=&#8220;10&#8243; el_class=&#8220;iconeservice&#8220;][vc_column background-position=&#8220;left-top&#8220; offset=&#8220;vc_col-lg-4 vc_col-md-4 vc_col-xs-12&#8243;]<div class=\"gt-services-box gt-center\"><div class=\"gt-services-box__image\"><img loading=\"lazy\" decoding=\"async\" width=\"512\" height=\"512\" src=\"https:\/\/mydimora.it\/wp-content\/uploads\/2020\/01\/hotel.png\" class=\"attachment-arven-service-box size-arven-service-box\" alt=\"\" srcset=\"https:\/\/mydimora.it\/wp-content\/uploads\/2020\/01\/hotel.png 512w, https:\/\/mydimora.it\/wp-content\/uploads\/2020\/01\/hotel-300x300.png 300w, https:\/\/mydimora.it\/wp-content\/uploads\/2020\/01\/hotel-150x150.png 150w, https:\/\/mydimora.it\/wp-content\/uploads\/2020\/01\/hotel-500x500.png 500w\" sizes=\"auto, (max-width: 512px) 100vw, 512px\" \/><\/div><div class=\"gt-services-box__content\"><h4>Early Check In<\/h4><p>M\u00f6chten Sie vor 15 Uhr in Ihre Wohnung einchecken? Dieser Service ist w\u00e4hrend der Buchung anzufragen und kostet 50\u20ac (je nach Verf\u00fcgbarkeit)<\/p>\n<\/div><\/div>[vc_empty_space height=&#8220;35px&#8220;][\/vc_column][vc_column background-position=&#8220;right-top&#8220; offset=&#8220;vc_col-lg-4 vc_col-md-4 vc_col-xs-12&#8243;]<div class=\"gt-services-box gt-center\"><div class=\"gt-services-box__image\"><img loading=\"lazy\" decoding=\"async\" width=\"512\" height=\"512\" src=\"https:\/\/mydimora.it\/wp-content\/uploads\/2020\/01\/guest.png\" class=\"attachment-arven-service-box size-arven-service-box\" alt=\"\" srcset=\"https:\/\/mydimora.it\/wp-content\/uploads\/2020\/01\/guest.png 512w, https:\/\/mydimora.it\/wp-content\/uploads\/2020\/01\/guest-300x300.png 300w, https:\/\/mydimora.it\/wp-content\/uploads\/2020\/01\/guest-150x150.png 150w, https:\/\/mydimora.it\/wp-content\/uploads\/2020\/01\/guest-500x500.png 500w\" sizes=\"auto, (max-width: 512px) 100vw, 512px\" \/><\/div><div class=\"gt-services-box__content\"><h4>Late Checkout<\/h4><p>M\u00f6chten Sie nach 10 Uhr auschecken? Dieser Service ist w\u00e4hrend der Buchung anzufragen und kostet 50\u20ac.<\/p>\n<\/div><\/div>[vc_empty_space height=&#8220;35px&#8220;][\/vc_column][vc_column offset=&#8220;vc_col-lg-4 vc_col-md-4 vc_col-xs-12&#8243;]<div class=\"gt-services-box gt-center\"><div class=\"gt-services-box__image\"><img loading=\"lazy\" decoding=\"async\" width=\"128\" height=\"128\" src=\"https:\/\/mydimora.it\/wp-content\/uploads\/2020\/01\/bus.png\" class=\"attachment-arven-service-box size-arven-service-box\" alt=\"\" \/><\/div><div class=\"gt-services-box__content\"><h4>Flughafentransfer<\/h4><p>Reisen Sie mit dem Flugzeug an und ben\u00f6tigen einen Transfer, um zur Wohnung zu gelangen? Wir helfen Ihnen dabei.<\/p>\n<\/div><\/div>[vc_empty_space height=&#8220;35px&#8220;][\/vc_column][\/vc_row][vc_row gap=&#8220;10&#8243; el_class=&#8220;iconeservice&#8220;][vc_column background-position=&#8220;left-top&#8220; offset=&#8220;vc_col-lg-4 vc_col-md-4 vc_col-xs-12&#8243;]<div class=\"gt-services-box gt-center\"><div class=\"gt-services-box__image\"><img loading=\"lazy\" decoding=\"async\" width=\"512\" height=\"512\" src=\"https:\/\/mydimora.it\/wp-content\/uploads\/2020\/01\/sweep.png\" class=\"attachment-arven-service-box size-arven-service-box\" alt=\"\" srcset=\"https:\/\/mydimora.it\/wp-content\/uploads\/2020\/01\/sweep.png 512w, https:\/\/mydimora.it\/wp-content\/uploads\/2020\/01\/sweep-300x300.png 300w, https:\/\/mydimora.it\/wp-content\/uploads\/2020\/01\/sweep-150x150.png 150w, https:\/\/mydimora.it\/wp-content\/uploads\/2020\/01\/sweep-500x500.png 500w\" sizes=\"auto, (max-width: 512px) 100vw, 512px\" \/><\/div><div class=\"gt-services-box__content\"><h4>Zusatzreinigung<\/h4><p>M\u00f6chten Sie w\u00e4hrend Ihres Aufenthalts eine zus\u00e4tzliche Reinigung? Sie haben die Wahl: einmal pro Tag, zweimal die Woche, einmal die Woche. Preis nach Vereinbarung.<\/p>\n<\/div><\/div>[vc_empty_space height=&#8220;35px&#8220;][\/vc_column][vc_column background-position=&#8220;right-top&#8220; offset=&#8220;vc_col-lg-4 vc_col-md-4 vc_col-xs-12&#8243;]<div class=\"gt-services-box gt-center\"><div class=\"gt-services-box__image\"><img loading=\"lazy\" decoding=\"async\" width=\"512\" height=\"512\" src=\"https:\/\/mydimora.it\/wp-content\/uploads\/2020\/01\/toy.png\" class=\"attachment-arven-service-box size-arven-service-box\" alt=\"\" srcset=\"https:\/\/mydimora.it\/wp-content\/uploads\/2020\/01\/toy.png 512w, https:\/\/mydimora.it\/wp-content\/uploads\/2020\/01\/toy-300x300.png 300w, https:\/\/mydimora.it\/wp-content\/uploads\/2020\/01\/toy-150x150.png 150w, https:\/\/mydimora.it\/wp-content\/uploads\/2020\/01\/toy-500x500.png 500w\" sizes=\"auto, (max-width: 512px) 100vw, 512px\" \/><\/div><div class=\"gt-services-box__content\"><h4>Strandspiele<\/h4><p>Eimer, Schaufel, Formen, B\u00e4lle und andere Spielsachen f\u00fcr Ihre Kinder. Miete 5\u20ac pro Woche.<\/p>\n<\/div><\/div>[vc_empty_space height=&#8220;35px&#8220;][\/vc_column][vc_column offset=&#8220;vc_col-lg-4 vc_col-md-4 vc_col-xs-12&#8243;]<div class=\"gt-services-box gt-center\"><div class=\"gt-services-box__image\"><img loading=\"lazy\" decoding=\"async\" width=\"512\" height=\"512\" src=\"https:\/\/mydimora.it\/wp-content\/uploads\/2020\/01\/milk.png\" class=\"attachment-arven-service-box size-arven-service-box\" alt=\"\" srcset=\"https:\/\/mydimora.it\/wp-content\/uploads\/2020\/01\/milk.png 512w, https:\/\/mydimora.it\/wp-content\/uploads\/2020\/01\/milk-300x300.png 300w, https:\/\/mydimora.it\/wp-content\/uploads\/2020\/01\/milk-150x150.png 150w, https:\/\/mydimora.it\/wp-content\/uploads\/2020\/01\/milk-500x500.png 500w\" sizes=\"auto, (max-width: 512px) 100vw, 512px\" \/><\/div><div class=\"gt-services-box__content\"><h4>Noteinkauf<\/h4><p>Im K\u00fchlschrank finden Sie frische Milch, eine Schachtel Kekse, eine Packung Nudeln, Tomatensauce. Zusatzkosten 10\u20ac<\/p>\n<\/div><\/div>[vc_empty_space height=&#8220;35px&#8220;][\/vc_column][\/vc_row]<\/p>\n","protected":false},"excerpt":{"rendered":"<p>[vc_row][vc_column offset=&#8220;vc_col-lg-1\/5 vc_col-md-1\/5 vc_col-xs-12&#8243;][\/vc_column][vc_column offset=&#8220;vc_col-lg-3\/5 vc_col-md-3\/5 vc_col-xs-12&#8243;][vc_empty_space height=&#8220;90px&#8220;][\/vc_column][vc_column offset=&#8220;vc_col-lg-1\/5 vc_col-md-1\/5 vc_col-xs-12&#8243;][\/vc_column][\/vc_row][vc_row gap=&#8220;10&#8243; el_class=&#8220;iconeservice&#8220;][vc_column background-position=&#8220;left-top&#8220; offset=&#8220;vc_col-lg-4 vc_col-md-4 vc_col-xs-12&#8243;][vc_empty_space height=&#8220;35px&#8220;][\/vc_column][vc_column background-position=&#8220;right-top&#8220; offset=&#8220;vc_col-lg-4 vc_col-md-4 vc_col-xs-12&#8243;][vc_empty_space height=&#8220;35px&#8220;][\/vc_column][vc_column offset=&#8220;vc_col-lg-4 vc_col-md-4 vc_col-xs-12&#8243;][vc_empty_space height=&#8220;35px&#8220;][\/vc_column][\/vc_row][vc_row gap=&#8220;10&#8243; el_class=&#8220;iconeservice&#8220;][vc_column background-position=&#8220;left-top&#8220;&#8230;<\/p>\n","protected":false},"author":1,"featured_media":0,"parent":0,"menu_order":0,"comment_status":"closed","ping_status":"closed","template":"","meta":{"_acf_changed":false,"_uag_custom_page_level_css":"","advgb_blocks_editor_width":"","advgb_blocks_columns_visual_guide":"","footnotes":""},"class_list":["post-4399","page","type-page","status-publish","hentry"],"acf":[],"yoast_head":"<!-- This site is optimized with the Yoast SEO plugin v27.3 - https:\/\/yoast.com\/product\/yoast-seo-wordpress\/ -->\n<title>Zus\u00e4tzliche Dienstleistungen | MyDimora<\/title>\n<meta name=\"robots\" content=\"index, follow, max-snippet:-1, max-image-preview:large, max-video-preview:-1\" \/>\n<link rel=\"canonical\" href=\"https:\/\/mydimora.it\/de\/zusaetzliche-dienstleistungen\/\" \/>\n<meta property=\"og:locale\" content=\"de_DE\" \/>\n<meta property=\"og:type\" content=\"article\" \/>\n<meta property=\"og:title\" content=\"Zus\u00e4tzliche Dienstleistungen | MyDimora\" \/>\n<meta property=\"og:description\" content=\"[vc_row][vc_column offset=&#8220;vc_col-lg-1\/5 vc_col-md-1\/5 vc_col-xs-12&#8243;][\/vc_column][vc_column offset=&#8220;vc_col-lg-3\/5 vc_col-md-3\/5 vc_col-xs-12&#8243;][vc_empty_space height=&#8220;90px&#8220;][\/vc_column][vc_column offset=&#8220;vc_col-lg-1\/5 vc_col-md-1\/5 vc_col-xs-12&#8243;][\/vc_column][\/vc_row][vc_row gap=&#8220;10&#8243; el_class=&#8220;iconeservice&#8220;][vc_column background-position=&#8220;left-top&#8220; offset=&#8220;vc_col-lg-4 vc_col-md-4 vc_col-xs-12&#8243;][vc_empty_space height=&#8220;35px&#8220;][\/vc_column][vc_column background-position=&#8220;right-top&#8220; offset=&#8220;vc_col-lg-4 vc_col-md-4 vc_col-xs-12&#8243;][vc_empty_space height=&#8220;35px&#8220;][\/vc_column][vc_column offset=&#8220;vc_col-lg-4 vc_col-md-4 vc_col-xs-12&#8243;][vc_empty_space height=&#8220;35px&#8220;][\/vc_column][\/vc_row][vc_row gap=&#8220;10&#8243; el_class=&#8220;iconeservice&#8220;][vc_column background-position=&#8220;left-top&#8220;...\" \/>\n<meta property=\"og:url\" content=\"https:\/\/mydimora.it\/de\/zusaetzliche-dienstleistungen\/\" \/>\n<meta property=\"og:site_name\" content=\"MyDimora\" \/>\n<meta property=\"article:modified_time\" content=\"2024-01-16T15:54:12+00:00\" \/>\n<meta name=\"twitter:card\" content=\"summary_large_image\" \/>\n<meta name=\"twitter:label1\" content=\"Gesch\u00e4tzte Lesezeit\" \/>\n\t<meta name=\"twitter:data1\" content=\"2\u00a0Minuten\" \/>\n<script type=\"application\/ld+json\" class=\"yoast-schema-graph\">{\"@context\":\"https:\\\/\\\/schema.org\",\"@graph\":[{\"@type\":\"WebPage\",\"@id\":\"https:\\\/\\\/mydimora.it\\\/de\\\/zusaetzliche-dienstleistungen\\\/\",\"url\":\"https:\\\/\\\/mydimora.it\\\/de\\\/zusaetzliche-dienstleistungen\\\/\",\"name\":\"Zus\u00e4tzliche Dienstleistungen | MyDimora\",\"isPartOf\":{\"@id\":\"https:\\\/\\\/mydimora.it\\\/it\\\/#website\"},\"datePublished\":\"2019-03-18T21:48:28+00:00\",\"dateModified\":\"2024-01-16T15:54:12+00:00\",\"breadcrumb\":{\"@id\":\"https:\\\/\\\/mydimora.it\\\/de\\\/zusaetzliche-dienstleistungen\\\/#breadcrumb\"},\"inLanguage\":\"de\",\"potentialAction\":[{\"@type\":\"ReadAction\",\"target\":[\"https:\\\/\\\/mydimora.it\\\/de\\\/zusaetzliche-dienstleistungen\\\/\"]}]},{\"@type\":\"BreadcrumbList\",\"@id\":\"https:\\\/\\\/mydimora.it\\\/de\\\/zusaetzliche-dienstleistungen\\\/#breadcrumb\",\"itemListElement\":[{\"@type\":\"ListItem\",\"position\":1,\"name\":\"Home\",\"item\":\"https:\\\/\\\/mydimora.it\\\/de\\\/\"},{\"@type\":\"ListItem\",\"position\":2,\"name\":\"Zus\u00e4tzliche Dienstleistungen\"}]},{\"@type\":\"WebSite\",\"@id\":\"https:\\\/\\\/mydimora.it\\\/it\\\/#website\",\"url\":\"https:\\\/\\\/mydimora.it\\\/it\\\/\",\"name\":\"MyDimora\",\"description\":\"Like Home\",\"publisher\":{\"@id\":\"https:\\\/\\\/mydimora.it\\\/it\\\/#organization\"},\"potentialAction\":[{\"@type\":\"SearchAction\",\"target\":{\"@type\":\"EntryPoint\",\"urlTemplate\":\"https:\\\/\\\/mydimora.it\\\/it\\\/?s={search_term_string}\"},\"query-input\":{\"@type\":\"PropertyValueSpecification\",\"valueRequired\":true,\"valueName\":\"search_term_string\"}}],\"inLanguage\":\"de\"},{\"@type\":\"Organization\",\"@id\":\"https:\\\/\\\/mydimora.it\\\/it\\\/#organization\",\"name\":\"My Dimora, Like Home\",\"url\":\"https:\\\/\\\/mydimora.it\\\/it\\\/\",\"logo\":{\"@type\":\"ImageObject\",\"inLanguage\":\"de\",\"@id\":\"https:\\\/\\\/mydimora.it\\\/it\\\/#\\\/schema\\\/logo\\\/image\\\/\",\"url\":\"https:\\\/\\\/mydimora.it\\\/wp-content\\\/uploads\\\/2019\\\/07\\\/MYDIMORA_2019_orizz_positivo_col.png\",\"contentUrl\":\"https:\\\/\\\/mydimora.it\\\/wp-content\\\/uploads\\\/2019\\\/07\\\/MYDIMORA_2019_orizz_positivo_col.png\",\"width\":1991,\"height\":722,\"caption\":\"My Dimora, Like Home\"},\"image\":{\"@id\":\"https:\\\/\\\/mydimora.it\\\/it\\\/#\\\/schema\\\/logo\\\/image\\\/\"}}]}<\/script>\n<!-- \/ Yoast SEO plugin. -->","yoast_head_json":{"title":"Zus\u00e4tzliche Dienstleistungen | MyDimora","robots":{"index":"index","follow":"follow","max-snippet":"max-snippet:-1","max-image-preview":"max-image-preview:large","max-video-preview":"max-video-preview:-1"},"canonical":"https:\/\/mydimora.it\/de\/zusaetzliche-dienstleistungen\/","og_locale":"de_DE","og_type":"article","og_title":"Zus\u00e4tzliche Dienstleistungen | MyDimora","og_description":"[vc_row][vc_column offset=&#8220;vc_col-lg-1\/5 vc_col-md-1\/5 vc_col-xs-12&#8243;][\/vc_column][vc_column offset=&#8220;vc_col-lg-3\/5 vc_col-md-3\/5 vc_col-xs-12&#8243;][vc_empty_space height=&#8220;90px&#8220;][\/vc_column][vc_column offset=&#8220;vc_col-lg-1\/5 vc_col-md-1\/5 vc_col-xs-12&#8243;][\/vc_column][\/vc_row][vc_row gap=&#8220;10&#8243; el_class=&#8220;iconeservice&#8220;][vc_column background-position=&#8220;left-top&#8220; offset=&#8220;vc_col-lg-4 vc_col-md-4 vc_col-xs-12&#8243;][vc_empty_space height=&#8220;35px&#8220;][\/vc_column][vc_column background-position=&#8220;right-top&#8220; offset=&#8220;vc_col-lg-4 vc_col-md-4 vc_col-xs-12&#8243;][vc_empty_space height=&#8220;35px&#8220;][\/vc_column][vc_column offset=&#8220;vc_col-lg-4 vc_col-md-4 vc_col-xs-12&#8243;][vc_empty_space height=&#8220;35px&#8220;][\/vc_column][\/vc_row][vc_row gap=&#8220;10&#8243; el_class=&#8220;iconeservice&#8220;][vc_column background-position=&#8220;left-top&#8220;...","og_url":"https:\/\/mydimora.it\/de\/zusaetzliche-dienstleistungen\/","og_site_name":"MyDimora","article_modified_time":"2024-01-16T15:54:12+00:00","twitter_card":"summary_large_image","twitter_misc":{"Gesch\u00e4tzte Lesezeit":"2\u00a0Minuten"},"schema":{"@context":"https:\/\/schema.org","@graph":[{"@type":"WebPage","@id":"https:\/\/mydimora.it\/de\/zusaetzliche-dienstleistungen\/","url":"https:\/\/mydimora.it\/de\/zusaetzliche-dienstleistungen\/","name":"Zus\u00e4tzliche Dienstleistungen | MyDimora","isPartOf":{"@id":"https:\/\/mydimora.it\/it\/#website"},"datePublished":"2019-03-18T21:48:28+00:00","dateModified":"2024-01-16T15:54:12+00:00","breadcrumb":{"@id":"https:\/\/mydimora.it\/de\/zusaetzliche-dienstleistungen\/#breadcrumb"},"inLanguage":"de","potentialAction":[{"@type":"ReadAction","target":["https:\/\/mydimora.it\/de\/zusaetzliche-dienstleistungen\/"]}]},{"@type":"BreadcrumbList","@id":"https:\/\/mydimora.it\/de\/zusaetzliche-dienstleistungen\/#breadcrumb","itemListElement":[{"@type":"ListItem","position":1,"name":"Home","item":"https:\/\/mydimora.it\/de\/"},{"@type":"ListItem","position":2,"name":"Zus\u00e4tzliche Dienstleistungen"}]},{"@type":"WebSite","@id":"https:\/\/mydimora.it\/it\/#website","url":"https:\/\/mydimora.it\/it\/","name":"MyDimora","description":"Like Home","publisher":{"@id":"https:\/\/mydimora.it\/it\/#organization"},"potentialAction":[{"@type":"SearchAction","target":{"@type":"EntryPoint","urlTemplate":"https:\/\/mydimora.it\/it\/?s={search_term_string}"},"query-input":{"@type":"PropertyValueSpecification","valueRequired":true,"valueName":"search_term_string"}}],"inLanguage":"de"},{"@type":"Organization","@id":"https:\/\/mydimora.it\/it\/#organization","name":"My Dimora, Like Home","url":"https:\/\/mydimora.it\/it\/","logo":{"@type":"ImageObject","inLanguage":"de","@id":"https:\/\/mydimora.it\/it\/#\/schema\/logo\/image\/","url":"https:\/\/mydimora.it\/wp-content\/uploads\/2019\/07\/MYDIMORA_2019_orizz_positivo_col.png","contentUrl":"https:\/\/mydimora.it\/wp-content\/uploads\/2019\/07\/MYDIMORA_2019_orizz_positivo_col.png","width":1991,"height":722,"caption":"My Dimora, Like Home"},"image":{"@id":"https:\/\/mydimora.it\/it\/#\/schema\/logo\/image\/"}}]}},"uagb_featured_image_src":{"full":false,"thumbnail":false,"medium":false,"medium_large":false,"large":false,"1536x1536":false,"2048x2048":false,"arven-post":false,"arven-full":false,"arven-content-nav":false,"arven-featured-header-grid":false,"arven-masonry-1":false,"arven-masonry-2":false,"arven-masonry-3":false,"arven-masonry-4":false,"arven-masonry-5":false,"arven-masonry-6":false,"arven-masonry-7":false,"arven-grid-1":false,"arven-grid-2":false,"arven-grid-3":false,"arven-grid-4":false,"arven-grid-5":false,"arven-grid-6":false,"arven-grid-7":false,"arven-slider":false,"arven-slider-2":false,"arven-slider-3":false,"arven-service-box":false},"uagb_author_info":{"display_name":"Amministrazione","author_link":"https:\/\/mydimora.it\/de\/author\/admin\/"},"uagb_comment_info":0,"uagb_excerpt":"[vc_row][vc_column offset=&#8220;vc_col-lg-1\/5 vc_col-md-1\/5 vc_col-xs-12&#8243;][\/vc_column][vc_column offset=&#8220;vc_col-lg-3\/5 vc_col-md-3\/5 vc_col-xs-12&#8243;][vc_empty_space height=&#8220;90px&#8220;][\/vc_column][vc_column offset=&#8220;vc_col-lg-1\/5 vc_col-md-1\/5 vc_col-xs-12&#8243;][\/vc_column][\/vc_row][vc_row gap=&#8220;10&#8243; el_class=&#8220;iconeservice&#8220;][vc_column background-position=&#8220;left-top&#8220; offset=&#8220;vc_col-lg-4 vc_col-md-4 vc_col-xs-12&#8243;][vc_empty_space height=&#8220;35px&#8220;][\/vc_column][vc_column background-position=&#8220;right-top&#8220; offset=&#8220;vc_col-lg-4 vc_col-md-4 vc_col-xs-12&#8243;][vc_empty_space height=&#8220;35px&#8220;][\/vc_column][vc_column offset=&#8220;vc_col-lg-4 vc_col-md-4 vc_col-xs-12&#8243;][vc_empty_space height=&#8220;35px&#8220;][\/vc_column][\/vc_row][vc_row gap=&#8220;10&#8243; el_class=&#8220;iconeservice&#8220;][vc_column background-position=&#8220;left-top&#8220;...","coauthors":[],"author_meta":{"author_link":"https:\/\/mydimora.it\/de\/author\/admin\/","display_name":"Amministrazione"},"relative_dates":{"created":"Posted 7\u00a0Jahren ago","modified":"Updated 2\u00a0Jahren ago"},"absolute_dates":{"created":"Posted on M\u00e4rz 18, 2019","modified":"Updated on Januar 16, 2024"},"absolute_dates_time":{"created":"Posted on M\u00e4rz 18, 2019 9:48 p.m.","modified":"Updated on Januar 16, 2024 4:54 p.m."},"featured_img_caption":"","featured_img":false,"series_order":"","_links":{"self":[{"href":"https:\/\/mydimora.it\/de\/wp-json\/wp\/v2\/pages\/4399","targetHints":{"allow":["GET"]}}],"collection":[{"href":"https:\/\/mydimora.it\/de\/wp-json\/wp\/v2\/pages"}],"about":[{"href":"https:\/\/mydimora.it\/de\/wp-json\/wp\/v2\/types\/page"}],"author":[{"embeddable":true,"href":"https:\/\/mydimora.it\/de\/wp-json\/wp\/v2\/users\/1"}],"replies":[{"embeddable":true,"href":"https:\/\/mydimora.it\/de\/wp-json\/wp\/v2\/comments?post=4399"}],"version-history":[{"count":0,"href":"https:\/\/mydimora.it\/de\/wp-json\/wp\/v2\/pages\/4399\/revisions"}],"wp:attachment":[{"href":"https:\/\/mydimora.it\/de\/wp-json\/wp\/v2\/media?parent=4399"}],"curies":[{"name":"wp","href":"https:\/\/api.w.org\/{rel}","templated":true}]}}