{"id":4427,"date":"2019-03-01T19:34:20","date_gmt":"2019-03-01T19:34:20","guid":{"rendered":"https:\/\/mydimora.it\/privacy-policy\/"},"modified":"2020-03-17T11:58:58","modified_gmt":"2020-03-17T10:58:58","slug":"privacy-policy","status":"publish","type":"page","link":"https:\/\/mydimora.it\/en\/privacy-policy\/","title":{"rendered":"Privacy Policy"},"content":{"rendered":"\n<h3 class=\"wp-block-heading\">Informativa Privacy<\/h3>\n\n\n\n<p>In questa pagina spieghiamo come trattiamo i tuoi dati personali, in conformit\u00e0 al Regolamento (UE) 2016\/679 (GDPR) e al D.lgs n.196\/2003.<\/p>\n\n\n\n<h3 class=\"wp-block-heading\">Titolare del trattamento dei dati<\/h3>\n\n\n\n<p>Silvia Vio, Via Antonio Meucci 52 &#8211; 30016 Jesolo email: booking@mydimora.it<\/p>\n\n\n\n<h3 class=\"wp-block-heading\">Perch\u00e9 trattiamo i dati, per quanto tempo li conserviamo e cosa accade se non ci fornisci i dati.<\/h3>\n\n\n\n<p>Nei paragrafi che seguono ti indichiamo perch\u00e9 trattiamo i tuoi dati, cio\u00e8 per quale finalit\u00e0.<\/p>\n\n\n\n<p>Per ciascuna finalit\u00e0 ti indichiamo anche quale sia la ragione giuridica che giustifica il trattamento, per quanto tempo conserviamo i tuoi dati e cosa accade se non ci fornisci i dati.<\/p>\n\n\n\n<p>Trattiamo i dati per:<\/p>\n\n\n\n<h3 class=\"wp-block-heading\">1. rispondere alle richieste che ci invii via e-mail o altri mezzi<\/h3>\n\n\n\n<h4 class=\"wp-block-heading\">Qual \u00e8 la ragione giuridica in base alla quale trattiamo i dati<\/h4>\n\n\n\n<p>In questi casi trattiamo i dati per controllare disponibilit\u00e0 e per prenotazioni su tua richiesta nell&#8217;appartamento scelto.<\/p>\n\n\n\n<h4 class=\"wp-block-heading\">Per quanto tempo conserviamo i dati<\/h4>\n\n\n\n<p>Per questa finalit\u00e0, conserviamo i tuoi dati per il tempo necessario a svolgere le singole attivit\u00e0 di trattamento.<\/p>\n\n\n\n<p>Una volta scaduto questo termine, tratteremo i tuoi dati fino a quando scadono i termini previsti dalla legge per adempiere gli obblighi amministrativi, contabili e fiscali stabiliti a nostro carico.<\/p>\n\n\n\n<h4 class=\"wp-block-heading\">Cosa accade se non ci fornisci i dati<\/h4>\n\n\n\n<p>Devi fornirci questi dati; se non li fornisci non potremo rispondere alla richiesta che ci hai inviato.<\/p>\n\n\n\n<h3 class=\"wp-block-heading\">2. Monitorare e tracciare il comportamento di chi naviga sul sito, raccogliendo e registrando i dati relativi alla navigazione (ad esempio: le pagine visitate) per proporti pubblicit\u00e0 basate sull\u2019interesse che hai mostrato navigando sul nostro sito<\/h3>\n\n\n\n<h4 class=\"wp-block-heading\">Qual \u00e8 la ragione giuridica in base alla quale trattiamo i dati<\/h4>\n\n\n\n<p>Trattiamo i dati per queste finalit\u00e0 soltanto se ci hai dato il tuo consenso. In qualsiasi momento hai diritto di revocare il consenso che eventualmente ci hai dato.<\/p>\n\n\n\n<h4 class=\"wp-block-heading\">Per quanto tempo conserviamo i dati<\/h4>\n\n\n\n<p>Per queste finalit\u00e0 conserviamo i dati non pi\u00f9 di 12 mesi da quando li abbiamo raccolti.<\/p>\n\n\n\n<h4 class=\"wp-block-heading\">Cosa accade se non ci fornisci i dati<\/h4>\n\n\n\n<p>Non hai l\u2019obbligo di fornirci i dati ma se non li fornirai non potrai accedere ad alcune funzioni del sito.<\/p>\n\n\n\n<h3 class=\"wp-block-heading\">3. Newsletter<\/h3>\n\n\n\n<h4 class=\"wp-block-heading\">Qual \u00e8 la ragione giuridica in base alla quale trattiamo i dati<\/h4>\n\n\n\n<p>Trattiamo i dati per queste finalit\u00e0 soltanto se ci hai dato il tuo consenso. In qualsiasi momento hai diritto di revocare il consenso che eventualmente ci hai dato.<\/p>\n\n\n\n<h4 class=\"wp-block-heading\">Per quanto tempo conserviamo i dati<\/h4>\n\n\n\n<p>Per queste finalit\u00e0 conserviamo i dati fino a quando non revochi il consenso a ricevere la newsletter, salvi i tempi tecnici necessari.<\/p>\n\n\n\n<h4 class=\"wp-block-heading\">Cosa accade se non ci fornisci i dati<\/h4>\n\n\n\n<p>Non hai l\u2019obbligo di fornirci i dati. Se non li fornirai non potrai ricevere la newsletter.<\/p>\n","protected":false},"excerpt":{"rendered":"<p>Informativa Privacy In questa pagina spieghiamo come trattiamo i tuoi dati personali, in conformit\u00e0 al Regolamento (UE) 2016\/679 (GDPR) e al D.lgs n.196\/2003. Titolare del trattamento dei dati Silvia Vio,&#8230;<\/p>\n","protected":false},"author":1,"featured_media":0,"parent":0,"menu_order":0,"comment_status":"closed","ping_status":"open","template":"","meta":{"_acf_changed":false,"_uag_custom_page_level_css":"","advgb_blocks_editor_width":"","advgb_blocks_columns_visual_guide":"","footnotes":""},"class_list":["post-4427","page","type-page","status-publish","hentry"],"acf":[],"yoast_head":"<!-- This site is optimized with the Yoast SEO plugin v27.3 - https:\/\/yoast.com\/product\/yoast-seo-wordpress\/ -->\n<title>Privacy Policy | MyDimora<\/title>\n<meta name=\"robots\" content=\"index, follow, max-snippet:-1, max-image-preview:large, max-video-preview:-1\" \/>\n<link rel=\"canonical\" href=\"https:\/\/mydimora.it\/en\/privacy-policy\/\" \/>\n<meta property=\"og:locale\" content=\"en_US\" \/>\n<meta property=\"og:type\" content=\"article\" \/>\n<meta property=\"og:title\" content=\"Privacy Policy | MyDimora\" \/>\n<meta property=\"og:description\" content=\"Informativa Privacy In questa pagina spieghiamo come trattiamo i tuoi dati personali, in conformit\u00e0 al Regolamento (UE) 2016\/679 (GDPR) e al D.lgs n.196\/2003. Titolare del trattamento dei dati Silvia Vio,...\" \/>\n<meta property=\"og:url\" content=\"https:\/\/mydimora.it\/en\/privacy-policy\/\" \/>\n<meta property=\"og:site_name\" content=\"MyDimora\" \/>\n<meta property=\"article:modified_time\" content=\"2020-03-17T10:58:58+00:00\" \/>\n<meta name=\"twitter:card\" content=\"summary_large_image\" \/>\n<meta name=\"twitter:label1\" content=\"Est. reading time\" \/>\n\t<meta name=\"twitter:data1\" content=\"2 minutes\" \/>\n<script type=\"application\/ld+json\" class=\"yoast-schema-graph\">{\"@context\":\"https:\\\/\\\/schema.org\",\"@graph\":[{\"@type\":\"WebPage\",\"@id\":\"https:\\\/\\\/mydimora.it\\\/en\\\/privacy-policy\\\/\",\"url\":\"https:\\\/\\\/mydimora.it\\\/en\\\/privacy-policy\\\/\",\"name\":\"Privacy Policy | MyDimora\",\"isPartOf\":{\"@id\":\"https:\\\/\\\/mydimora.it\\\/it\\\/#website\"},\"datePublished\":\"2019-03-01T19:34:20+00:00\",\"dateModified\":\"2020-03-17T10:58:58+00:00\",\"breadcrumb\":{\"@id\":\"https:\\\/\\\/mydimora.it\\\/en\\\/privacy-policy\\\/#breadcrumb\"},\"inLanguage\":\"en-US\",\"potentialAction\":[{\"@type\":\"ReadAction\",\"target\":[\"https:\\\/\\\/mydimora.it\\\/en\\\/privacy-policy\\\/\"]}]},{\"@type\":\"BreadcrumbList\",\"@id\":\"https:\\\/\\\/mydimora.it\\\/en\\\/privacy-policy\\\/#breadcrumb\",\"itemListElement\":[{\"@type\":\"ListItem\",\"position\":1,\"name\":\"Home\",\"item\":\"https:\\\/\\\/mydimora.it\\\/en\\\/\"},{\"@type\":\"ListItem\",\"position\":2,\"name\":\"Privacy Policy\"}]},{\"@type\":\"WebSite\",\"@id\":\"https:\\\/\\\/mydimora.it\\\/it\\\/#website\",\"url\":\"https:\\\/\\\/mydimora.it\\\/it\\\/\",\"name\":\"MyDimora\",\"description\":\"Like Home\",\"publisher\":{\"@id\":\"https:\\\/\\\/mydimora.it\\\/it\\\/#organization\"},\"potentialAction\":[{\"@type\":\"SearchAction\",\"target\":{\"@type\":\"EntryPoint\",\"urlTemplate\":\"https:\\\/\\\/mydimora.it\\\/it\\\/?s={search_term_string}\"},\"query-input\":{\"@type\":\"PropertyValueSpecification\",\"valueRequired\":true,\"valueName\":\"search_term_string\"}}],\"inLanguage\":\"en-US\"},{\"@type\":\"Organization\",\"@id\":\"https:\\\/\\\/mydimora.it\\\/it\\\/#organization\",\"name\":\"My Dimora, Like Home\",\"url\":\"https:\\\/\\\/mydimora.it\\\/it\\\/\",\"logo\":{\"@type\":\"ImageObject\",\"inLanguage\":\"en-US\",\"@id\":\"https:\\\/\\\/mydimora.it\\\/it\\\/#\\\/schema\\\/logo\\\/image\\\/\",\"url\":\"https:\\\/\\\/mydimora.it\\\/wp-content\\\/uploads\\\/2019\\\/07\\\/MYDIMORA_2019_orizz_positivo_col.png\",\"contentUrl\":\"https:\\\/\\\/mydimora.it\\\/wp-content\\\/uploads\\\/2019\\\/07\\\/MYDIMORA_2019_orizz_positivo_col.png\",\"width\":1991,\"height\":722,\"caption\":\"My Dimora, Like Home\"},\"image\":{\"@id\":\"https:\\\/\\\/mydimora.it\\\/it\\\/#\\\/schema\\\/logo\\\/image\\\/\"}}]}<\/script>\n<!-- \/ Yoast SEO plugin. -->","yoast_head_json":{"title":"Privacy Policy | MyDimora","robots":{"index":"index","follow":"follow","max-snippet":"max-snippet:-1","max-image-preview":"max-image-preview:large","max-video-preview":"max-video-preview:-1"},"canonical":"https:\/\/mydimora.it\/en\/privacy-policy\/","og_locale":"en_US","og_type":"article","og_title":"Privacy Policy | MyDimora","og_description":"Informativa Privacy In questa pagina spieghiamo come trattiamo i tuoi dati personali, in conformit\u00e0 al Regolamento (UE) 2016\/679 (GDPR) e al D.lgs n.196\/2003. Titolare del trattamento dei dati Silvia Vio,...","og_url":"https:\/\/mydimora.it\/en\/privacy-policy\/","og_site_name":"MyDimora","article_modified_time":"2020-03-17T10:58:58+00:00","twitter_card":"summary_large_image","twitter_misc":{"Est. reading time":"2 minutes"},"schema":{"@context":"https:\/\/schema.org","@graph":[{"@type":"WebPage","@id":"https:\/\/mydimora.it\/en\/privacy-policy\/","url":"https:\/\/mydimora.it\/en\/privacy-policy\/","name":"Privacy Policy | MyDimora","isPartOf":{"@id":"https:\/\/mydimora.it\/it\/#website"},"datePublished":"2019-03-01T19:34:20+00:00","dateModified":"2020-03-17T10:58:58+00:00","breadcrumb":{"@id":"https:\/\/mydimora.it\/en\/privacy-policy\/#breadcrumb"},"inLanguage":"en-US","potentialAction":[{"@type":"ReadAction","target":["https:\/\/mydimora.it\/en\/privacy-policy\/"]}]},{"@type":"BreadcrumbList","@id":"https:\/\/mydimora.it\/en\/privacy-policy\/#breadcrumb","itemListElement":[{"@type":"ListItem","position":1,"name":"Home","item":"https:\/\/mydimora.it\/en\/"},{"@type":"ListItem","position":2,"name":"Privacy Policy"}]},{"@type":"WebSite","@id":"https:\/\/mydimora.it\/it\/#website","url":"https:\/\/mydimora.it\/it\/","name":"MyDimora","description":"Like Home","publisher":{"@id":"https:\/\/mydimora.it\/it\/#organization"},"potentialAction":[{"@type":"SearchAction","target":{"@type":"EntryPoint","urlTemplate":"https:\/\/mydimora.it\/it\/?s={search_term_string}"},"query-input":{"@type":"PropertyValueSpecification","valueRequired":true,"valueName":"search_term_string"}}],"inLanguage":"en-US"},{"@type":"Organization","@id":"https:\/\/mydimora.it\/it\/#organization","name":"My Dimora, Like Home","url":"https:\/\/mydimora.it\/it\/","logo":{"@type":"ImageObject","inLanguage":"en-US","@id":"https:\/\/mydimora.it\/it\/#\/schema\/logo\/image\/","url":"https:\/\/mydimora.it\/wp-content\/uploads\/2019\/07\/MYDIMORA_2019_orizz_positivo_col.png","contentUrl":"https:\/\/mydimora.it\/wp-content\/uploads\/2019\/07\/MYDIMORA_2019_orizz_positivo_col.png","width":1991,"height":722,"caption":"My Dimora, Like Home"},"image":{"@id":"https:\/\/mydimora.it\/it\/#\/schema\/logo\/image\/"}}]}},"uagb_featured_image_src":{"full":false,"thumbnail":false,"medium":false,"medium_large":false,"large":false,"1536x1536":false,"2048x2048":false,"arven-post":false,"arven-full":false,"arven-content-nav":false,"arven-featured-header-grid":false,"arven-masonry-1":false,"arven-masonry-2":false,"arven-masonry-3":false,"arven-masonry-4":false,"arven-masonry-5":false,"arven-masonry-6":false,"arven-masonry-7":false,"arven-grid-1":false,"arven-grid-2":false,"arven-grid-3":false,"arven-grid-4":false,"arven-grid-5":false,"arven-grid-6":false,"arven-grid-7":false,"arven-slider":false,"arven-slider-2":false,"arven-slider-3":false,"arven-service-box":false},"uagb_author_info":{"display_name":"Amministrazione","author_link":"https:\/\/mydimora.it\/en\/author\/admin\/"},"uagb_comment_info":0,"uagb_excerpt":"Informativa Privacy In questa pagina spieghiamo come trattiamo i tuoi dati personali, in conformit\u00e0 al Regolamento (UE) 2016\/679 (GDPR) e al D.lgs n.196\/2003. Titolare del trattamento dei dati Silvia Vio,...","coauthors":[],"author_meta":{"author_link":"https:\/\/mydimora.it\/en\/author\/admin\/","display_name":"Amministrazione"},"relative_dates":{"created":"Posted 7 years ago","modified":"Updated 6 years ago"},"absolute_dates":{"created":"Posted on March 1, 2019","modified":"Updated on March 17, 2020"},"absolute_dates_time":{"created":"Posted on March 1, 2019 7:34 pm","modified":"Updated on March 17, 2020 11:58 am"},"featured_img_caption":"","featured_img":false,"series_order":"","_links":{"self":[{"href":"https:\/\/mydimora.it\/en\/wp-json\/wp\/v2\/pages\/4427","targetHints":{"allow":["GET"]}}],"collection":[{"href":"https:\/\/mydimora.it\/en\/wp-json\/wp\/v2\/pages"}],"about":[{"href":"https:\/\/mydimora.it\/en\/wp-json\/wp\/v2\/types\/page"}],"author":[{"embeddable":true,"href":"https:\/\/mydimora.it\/en\/wp-json\/wp\/v2\/users\/1"}],"replies":[{"embeddable":true,"href":"https:\/\/mydimora.it\/en\/wp-json\/wp\/v2\/comments?post=4427"}],"version-history":[{"count":0,"href":"https:\/\/mydimora.it\/en\/wp-json\/wp\/v2\/pages\/4427\/revisions"}],"wp:attachment":[{"href":"https:\/\/mydimora.it\/en\/wp-json\/wp\/v2\/media?parent=4427"}],"curies":[{"name":"wp","href":"https:\/\/api.w.org\/{rel}","templated":true}]}}